{"id":22910,"date":"2024-02-07T21:27:31","date_gmt":"2024-02-07T20:27:31","guid":{"rendered":"https:\/\/www.rozoy-picot.com\/?post_type=product&#038;p=22910"},"modified":"2025-02-21T16:11:29","modified_gmt":"2025-02-21T15:11:29","slug":"og-kush","status":"publish","type":"product","link":"https:\/\/www.rozoy-picot.com\/index.php\/produit\/og-kush\/","title":{"rendered":"OG KUSH"},"content":{"rendered":"<p><strong>O\u00f9 trouver ce produit ? D\u00e9couvrez nos revendeurs partenaires :<\/strong><\/p>\n<p><a href=\"https:\/\/vinoroyale.com\/\"><img loading=\"lazy\" decoding=\"async\" class=\"alignnone wp-image-22958 size-medium\" src=\"https:\/\/www.rozoy-picot.com\/wp-content\/uploads\/2021\/11\/Logo-Vino-Royale-1-300x215.png\" alt=\"Logo du fournisseur principal de rozoy picot : Vino Royal Monte Carlo\" width=\"300\" height=\"215\" srcset=\"https:\/\/www.rozoy-picot.com\/wp-content\/uploads\/2021\/11\/Logo-Vino-Royale-1-300x215.png 300w, https:\/\/www.rozoy-picot.com\/wp-content\/uploads\/2021\/11\/Logo-Vino-Royale-1-1024x734.png 1024w, https:\/\/www.rozoy-picot.com\/wp-content\/uploads\/2021\/11\/Logo-Vino-Royale-1-768x550.png 768w, https:\/\/www.rozoy-picot.com\/wp-content\/uploads\/2021\/11\/Logo-Vino-Royale-1-1536x1100.png 1536w, https:\/\/www.rozoy-picot.com\/wp-content\/uploads\/2021\/11\/Logo-Vino-Royale-1-2048x1467.png 2048w, https:\/\/www.rozoy-picot.com\/wp-content\/uploads\/2021\/11\/Logo-Vino-Royale-1-183x131.png 183w, https:\/\/www.rozoy-picot.com\/wp-content\/uploads\/2021\/11\/Logo-Vino-Royale-1-341x244.png 341w, https:\/\/www.rozoy-picot.com\/wp-content\/uploads\/2021\/11\/Logo-Vino-Royale-1-84x60.png 84w, https:\/\/www.rozoy-picot.com\/wp-content\/uploads\/2021\/11\/Logo-Vino-Royale-1-126x90.png 126w\" sizes=\"auto, (max-width: 300px) 100vw, 300px\" \/><\/a><\/p>\n","protected":false},"excerpt":{"rendered":"<p>Rozoy-Picot vous propose une exp\u00e9rience unique avec ce vin p\u00e9tillant blanc de blanc, con\u00e7u dans le savoir-faire et les m\u00e9thodes traditionnelles, avec l\u2019ajout d\u2019ar\u00f4mes naturels de cannabis issue de notre vari\u00e9t\u00e9 de plante OG KUSH.<\/p>\n","protected":false},"featured_media":6927,"template":"","meta":[],"product_brand":[],"product_cat":[60],"product_tag":[],"class_list":{"0":"post-22910","1":"product","2":"type-product","3":"status-publish","4":"has-post-thumbnail","6":"product_cat-product","8":"first","9":"instock","10":"shipping-taxable","11":"product-type-variable"},"_links":{"self":[{"href":"https:\/\/www.rozoy-picot.com\/index.php\/wp-json\/wp\/v2\/product\/22910","targetHints":{"allow":["GET"]}}],"collection":[{"href":"https:\/\/www.rozoy-picot.com\/index.php\/wp-json\/wp\/v2\/product"}],"about":[{"href":"https:\/\/www.rozoy-picot.com\/index.php\/wp-json\/wp\/v2\/types\/product"}],"wp:featuredmedia":[{"embeddable":true,"href":"https:\/\/www.rozoy-picot.com\/index.php\/wp-json\/wp\/v2\/media\/6927"}],"wp:attachment":[{"href":"https:\/\/www.rozoy-picot.com\/index.php\/wp-json\/wp\/v2\/media?parent=22910"}],"wp:term":[{"taxonomy":"product_brand","embeddable":true,"href":"https:\/\/www.rozoy-picot.com\/index.php\/wp-json\/wp\/v2\/product_brand?post=22910"},{"taxonomy":"product_cat","embeddable":true,"href":"https:\/\/www.rozoy-picot.com\/index.php\/wp-json\/wp\/v2\/product_cat?post=22910"},{"taxonomy":"product_tag","embeddable":true,"href":"https:\/\/www.rozoy-picot.com\/index.php\/wp-json\/wp\/v2\/product_tag?post=22910"}],"curies":[{"name":"wp","href":"https:\/\/api.w.org\/{rel}","templated":true}]}}